{"id":556,"date":"2020-02-04T14:18:57","date_gmt":"2020-02-04T13:18:57","guid":{"rendered":"http:\/\/pr.eurotextile.com\/contact\/"},"modified":"2025-11-04T10:15:00","modified_gmt":"2025-11-04T09:15:00","slug":"contact","status":"publish","type":"page","link":"https:\/\/www.eurotextile.com\/en\/contact\/","title":{"rendered":"Contact"},"content":{"rendered":"\n\n\t<style>\n    .contact-name {\n        font-size: 1.5rem;\n        margin-bottom: 1.6rem;\n    }\n    .contact-info {\n        display: block;\n        margin-bottom: 1rem;\n        font-weight: 100;\n        font-size: 1.2rem;\n        color: black;\n        letter-spacing:0.1rem;\n    }\n    .contact-info:hover,\n    .contact-info:active,\n    .contact-info:visited{\n        text-decoration: none;\n        color: black;\n    }\n    .contact-info :first-child {\n        margin-right: 1.4rem;\n    }\n<\/style>\n    <h1>\n        \n    <\/h1>\n            <h4><\/h4>\n            \n            \n            \n            \n\t\t<meta itemprop=\"url\" content=\"https:\/\/www.eurotextile.com\/wp-content\/uploads\/2025\/11\/EUROTEXTILE.mp4\" \/><div style=\"width: 640px;\" class=\"wp-video\"><video muted class=\"wp-video-shortcode\" id=\"video-556-1\" width=\"640\" height=\"360\" autoplay preload=\"metadata\" controls=\"controls\"><source type=\"video\/mp4\" src=\"https:\/\/www.eurotextile.com\/wp-content\/uploads\/2025\/11\/EUROTEXTILE.mp4?_=1\" \/><source type=\"video\/mp4\" src=\"https:\/\/www.eurotextile.com\/wp-content\/uploads\/2025\/11\/EUROTEXTILE.mp4?_=1\" \/><a href=\"https:\/\/www.eurotextile.com\/wp-content\/uploads\/2025\/11\/EUROTEXTILE.mp4\">https:\/\/www.eurotextile.com\/wp-content\/uploads\/2025\/11\/EUROTEXTILE.mp4<\/a><\/video><\/div>\t\n\n","protected":false},"excerpt":{"rendered":"","protected":false},"author":1,"featured_media":0,"parent":0,"menu_order":0,"comment_status":"closed","ping_status":"closed","template":"","meta":{"_acf_changed":false,"footnotes":"","_wp_rev_ctl_limit":""},"class_list":["post-556","page","type-page","status-publish","hentry"],"acf":[],"yoast_head":"<!-- This site is optimized with the Yoast SEO plugin v25.3.1 - https:\/\/yoast.com\/wordpress\/plugins\/seo\/ -->\n<title>EuroTextile contact - Un brief \u00e0 nous communiquer ? Une question ?<\/title>\n<meta name=\"description\" content=\"EuroTextile est disponible par email ou t\u00e9l\u00e9phone pour r\u00e9pondre \u00e0 toutes vos questions. Nous nous ferons un plaisir de vous guider.\" \/>\n<meta name=\"robots\" content=\"index, follow, max-snippet:-1, max-image-preview:large, max-video-preview:-1\" \/>\n<link rel=\"canonical\" href=\"https:\/\/www.eurotextile.com\/en\/contact\/\" \/>\n<meta property=\"og:locale\" content=\"en_US\" \/>\n<meta property=\"og:type\" content=\"article\" \/>\n<meta property=\"og:title\" content=\"EuroTextile contact - Un brief \u00e0 nous communiquer ? Une question ?\" \/>\n<meta property=\"og:description\" content=\"EuroTextile est disponible par email ou t\u00e9l\u00e9phone pour r\u00e9pondre \u00e0 toutes vos questions. Nous nous ferons un plaisir de vous guider.\" \/>\n<meta property=\"og:url\" content=\"https:\/\/www.eurotextile.com\/en\/contact\/\" \/>\n<meta property=\"og:site_name\" content=\"EuroTextile\" \/>\n<meta property=\"article:modified_time\" content=\"2025-11-04T09:15:00+00:00\" \/>\n<meta name=\"twitter:card\" content=\"summary_large_image\" \/>\n<script type=\"application\/ld+json\" class=\"yoast-schema-graph\">{\"@context\":\"https:\/\/schema.org\",\"@graph\":[{\"@type\":\"WebPage\",\"@id\":\"https:\/\/www.eurotextile.com\/en\/contact\/\",\"url\":\"https:\/\/www.eurotextile.com\/en\/contact\/\",\"name\":\"EuroTextile contact - Un brief \u00e0 nous communiquer ? Une question ?\",\"isPartOf\":{\"@id\":\"https:\/\/www.eurotextile.com\/#website\"},\"datePublished\":\"2020-02-04T13:18:57+00:00\",\"dateModified\":\"2025-11-04T09:15:00+00:00\",\"description\":\"EuroTextile est disponible par email ou t\u00e9l\u00e9phone pour r\u00e9pondre \u00e0 toutes vos questions. Nous nous ferons un plaisir de vous guider.\",\"breadcrumb\":{\"@id\":\"https:\/\/www.eurotextile.com\/en\/contact\/#breadcrumb\"},\"inLanguage\":\"en-US\",\"potentialAction\":[{\"@type\":\"ReadAction\",\"target\":[\"https:\/\/www.eurotextile.com\/en\/contact\/\"]}]},{\"@type\":\"BreadcrumbList\",\"@id\":\"https:\/\/www.eurotextile.com\/en\/contact\/#breadcrumb\",\"itemListElement\":[{\"@type\":\"ListItem\",\"position\":1,\"name\":\"Accueil\",\"item\":\"https:\/\/www.eurotextile.com\/en\/\"},{\"@type\":\"ListItem\",\"position\":2,\"name\":\"Contact\"}]},{\"@type\":\"WebSite\",\"@id\":\"https:\/\/www.eurotextile.com\/#website\",\"url\":\"https:\/\/www.eurotextile.com\/\",\"name\":\"EuroTextile\",\"description\":\"Cr\u00e9ation et production sur mesure\",\"potentialAction\":[{\"@type\":\"SearchAction\",\"target\":{\"@type\":\"EntryPoint\",\"urlTemplate\":\"https:\/\/www.eurotextile.com\/?s={search_term_string}\"},\"query-input\":{\"@type\":\"PropertyValueSpecification\",\"valueRequired\":true,\"valueName\":\"search_term_string\"}}],\"inLanguage\":\"en-US\"}]}<\/script>\n<!-- \/ Yoast SEO plugin. -->","yoast_head_json":{"title":"EuroTextile contact - Un brief \u00e0 nous communiquer ? Une question ?","description":"EuroTextile est disponible par email ou t\u00e9l\u00e9phone pour r\u00e9pondre \u00e0 toutes vos questions. Nous nous ferons un plaisir de vous guider.","robots":{"index":"index","follow":"follow","max-snippet":"max-snippet:-1","max-image-preview":"max-image-preview:large","max-video-preview":"max-video-preview:-1"},"canonical":"https:\/\/www.eurotextile.com\/en\/contact\/","og_locale":"en_US","og_type":"article","og_title":"EuroTextile contact - Un brief \u00e0 nous communiquer ? Une question ?","og_description":"EuroTextile est disponible par email ou t\u00e9l\u00e9phone pour r\u00e9pondre \u00e0 toutes vos questions. Nous nous ferons un plaisir de vous guider.","og_url":"https:\/\/www.eurotextile.com\/en\/contact\/","og_site_name":"EuroTextile","article_modified_time":"2025-11-04T09:15:00+00:00","twitter_card":"summary_large_image","schema":{"@context":"https:\/\/schema.org","@graph":[{"@type":"WebPage","@id":"https:\/\/www.eurotextile.com\/en\/contact\/","url":"https:\/\/www.eurotextile.com\/en\/contact\/","name":"EuroTextile contact - Un brief \u00e0 nous communiquer ? Une question ?","isPartOf":{"@id":"https:\/\/www.eurotextile.com\/#website"},"datePublished":"2020-02-04T13:18:57+00:00","dateModified":"2025-11-04T09:15:00+00:00","description":"EuroTextile est disponible par email ou t\u00e9l\u00e9phone pour r\u00e9pondre \u00e0 toutes vos questions. Nous nous ferons un plaisir de vous guider.","breadcrumb":{"@id":"https:\/\/www.eurotextile.com\/en\/contact\/#breadcrumb"},"inLanguage":"en-US","potentialAction":[{"@type":"ReadAction","target":["https:\/\/www.eurotextile.com\/en\/contact\/"]}]},{"@type":"BreadcrumbList","@id":"https:\/\/www.eurotextile.com\/en\/contact\/#breadcrumb","itemListElement":[{"@type":"ListItem","position":1,"name":"Accueil","item":"https:\/\/www.eurotextile.com\/en\/"},{"@type":"ListItem","position":2,"name":"Contact"}]},{"@type":"WebSite","@id":"https:\/\/www.eurotextile.com\/#website","url":"https:\/\/www.eurotextile.com\/","name":"EuroTextile","description":"Cr\u00e9ation et production sur mesure","potentialAction":[{"@type":"SearchAction","target":{"@type":"EntryPoint","urlTemplate":"https:\/\/www.eurotextile.com\/?s={search_term_string}"},"query-input":{"@type":"PropertyValueSpecification","valueRequired":true,"valueName":"search_term_string"}}],"inLanguage":"en-US"}]}},"_links":{"self":[{"href":"https:\/\/www.eurotextile.com\/en\/wp-json\/wp\/v2\/pages\/556","targetHints":{"allow":["GET"]}}],"collection":[{"href":"https:\/\/www.eurotextile.com\/en\/wp-json\/wp\/v2\/pages"}],"about":[{"href":"https:\/\/www.eurotextile.com\/en\/wp-json\/wp\/v2\/types\/page"}],"author":[{"embeddable":true,"href":"https:\/\/www.eurotextile.com\/en\/wp-json\/wp\/v2\/users\/1"}],"replies":[{"embeddable":true,"href":"https:\/\/www.eurotextile.com\/en\/wp-json\/wp\/v2\/comments?post=556"}],"version-history":[{"count":3,"href":"https:\/\/www.eurotextile.com\/en\/wp-json\/wp\/v2\/pages\/556\/revisions"}],"predecessor-version":[{"id":14458,"href":"https:\/\/www.eurotextile.com\/en\/wp-json\/wp\/v2\/pages\/556\/revisions\/14458"}],"wp:attachment":[{"href":"https:\/\/www.eurotextile.com\/en\/wp-json\/wp\/v2\/media?parent=556"}],"curies":[{"name":"wp","href":"https:\/\/api.w.org\/{rel}","templated":true}]}}