{"id":558,"date":"2020-02-04T14:20:30","date_gmt":"2020-02-04T13:20:30","guid":{"rendered":"http:\/\/pr.eurotextile.com\/homepage\/"},"modified":"2025-09-01T15:36:42","modified_gmt":"2025-09-01T13:36:42","slug":"accueil","status":"publish","type":"page","link":"https:\/\/www.eurotextile.com\/en\/","title":{"rendered":"Home"},"content":{"rendered":"\n\t\t<div id=\"icone-left-menu\">\n\t\t\t<div class=\"menu-scroll-colonne-1\">\n\t\t\t\t<img decoding=\"async\" src=\"https:\/\/www.eurotextile.com\/wp-content\/uploads\/2024\/07\/icone2.png\" alt=\"Icone RSE\" \/>\n\t\t\t<\/div>\n\t\t<\/div>\n        <div id=\"menu-scroll\">\n            <ul class=\"menu-scroll-colonne\">\n                <li class=\"menu-scroll-lien\">\n                    <a href=\"\/en\/showroom\/\" >\n                        See all                        <span class='menu_count '>\n                            785                        <\/span>\n                    <\/a>\n                <\/li>\n                                                        \n                    <li class=\"menu-scroll-lien\">\n                        <a \n                            href=\"\/en\/showroom\/beauty-pouches\" \n                             \n                        >\n                                                            Beauty pouches                                                        \n                            \n                            <span class=\"menu_count \">99<\/span>\n                        <\/a>\n                    <\/li>\n                     \n                                        \n                    <li class=\"menu-scroll-lien\">\n                        <a \n                            href=\"\/en\/showroom\/fabric-boxes\" \n                             \n                        >\n                                                            Fabric boxes                                                        \n                            \n                            <span class=\"menu_count \">23<\/span>\n                        <\/a>\n                    <\/li>\n                     \n                                        \n                    <li class=\"menu-scroll-lien\">\n                        <a \n                            href=\"\/en\/showroom\/envelopes\" \n                             \n                        >\n                                                            Envelopes                                                        \n                            \n                            <span class=\"menu_count \">21<\/span>\n                        <\/a>\n                    <\/li>\n                     \n                                        \n                    <li class=\"menu-scroll-lien\">\n                        <a \n                            href=\"\/en\/showroom\/boxes\" \n                             \n                        >\n                                                            Boxes                                                        \n                            \n                            <span class=\"menu_count \">77<\/span>\n                        <\/a>\n                    <\/li>\n                     \n                                                            <\/ul>\n                        <ul class='menu-scroll-colonne'>\n                        \n                    <li class=\"menu-scroll-lien\">\n                        <a \n                            href=\"\/en\/showroom\/clear-pouches\" \n                             \n                        >\n                                                            clear pouches                                                        \n                            \n                            <span class=\"menu_count \">29<\/span>\n                        <\/a>\n                    <\/li>\n                     \n                                        \n                    <li class=\"menu-scroll-lien\">\n                        <a \n                            href=\"\/en\/showroom\/eco-friendly\" \n                             \n                        >\n                                                            <span class=\"menu_matieres\">\n                                    Eco-friendly                                    <i class=\"fas fa-leaf\"><\/i>\n                                <\/span>\n                                                        \n                            \n                            <span class=\"menu_count \">16<\/span>\n                        <\/a>\n                    <\/li>\n                     \n                                        \n                    <li class=\"menu-scroll-lien\">\n                        <a \n                            href=\"\/en\/showroom\/pouches\" \n                             \n                        >\n                                                            Pouches                                                        \n                            \n                            <span class=\"menu_count \">34<\/span>\n                        <\/a>\n                    <\/li>\n                     \n                                        \n                    <li class=\"menu-scroll-lien\">\n                        <a \n                            href=\"\/en\/showroom\/tote-bags-and-shopping-bags\" \n                             \n                        >\n                                                            Tote bags and shopping bags                                                        \n                            \n                            <span class=\"menu_count \">40<\/span>\n                        <\/a>\n                    <\/li>\n                     \n                                        \n                    <li class=\"menu-scroll-lien\">\n                        <a \n                            href=\"\/en\/showroom\/beach-bags\" \n                             \n                        >\n                                                            Beach bags                                                        \n                            \n                            <span class=\"menu_count \">33<\/span>\n                        <\/a>\n                    <\/li>\n                     \n                                                            <\/ul>\n                        <ul class='menu-scroll-colonne'>\n                        \n                    <li class=\"menu-scroll-lien\">\n                        <a \n                            href=\"\/en\/showroom\/luggages_wallets\" \n                             \n                        >\n                                                            Luggages &amp; wallets                                                        \n                            \n                            <span class=\"menu_count \">12<\/span>\n                        <\/a>\n                    <\/li>\n                     \n                                        \n                    <li class=\"menu-scroll-lien\">\n                        <a \n                            href=\"\/en\/showroom\/advent-calendars\" \n                             \n                        >\n                                                            Advent calendars                                                        \n                            \n                            <span class=\"menu_count \">12<\/span>\n                        <\/a>\n                    <\/li>\n                     \n                                        \n                    <li class=\"menu-scroll-lien\">\n                        <a \n                            href=\"\/en\/showroom\/glasses-cases\" \n                             \n                        >\n                                                            Glasses cases                                                        \n                            \n                            <span class=\"menu_count \">13<\/span>\n                        <\/a>\n                    <\/li>\n                     \n                                        \n                    <li class=\"menu-scroll-lien\">\n                        <a \n                            href=\"\/en\/showroom\/european-productions\" \n                             \n                        >\n                                                            <span class=\"menu_matieres\">\n                                    European productions                                    <i class=\"fas fa-leaf\"><\/i>\n                                <\/span>\n                                                        \n                            \n                            <span class=\"menu_count \">2<\/span>\n                        <\/a>\n                    <\/li>\n                     \n                                        \n                    <li class=\"menu-scroll-lien\">\n                        <a \n                            href=\"\/en\/showroom\/garments-covers\" \n                             \n                        >\n                                                            garments covers                                                        \n                            \n                            <span class=\"menu_count \">18<\/span>\n                        <\/a>\n                    <\/li>\n                     \n                                                            <\/ul>\n                        <ul class='menu-scroll-colonne'>\n                        \n                    <li class=\"menu-scroll-lien\">\n                        <a \n                            href=\"\/en\/showroom\/wine-and-spirits\" \n                             \n                        >\n                                                            wine and spirits                                                        \n                            \n                            <span class=\"menu_count \">56<\/span>\n                        <\/a>\n                    <\/li>\n                     \n                                        \n                    <li class=\"menu-scroll-lien\">\n                        <a \n                            href=\"\/en\/showroom\/jewelry-boxes\" \n                             \n                        >\n                                                            Jewelry boxes                                                        \n                            \n                            <span class=\"menu_count \">41<\/span>\n                        <\/a>\n                    <\/li>\n                     \n                                        \n                    <li class=\"menu-scroll-lien\">\n                        <a \n                            href=\"\/en\/showroom\/deli\" \n                             \n                        >\n                                                            Deli                                                        \n                            \n                            <span class=\"menu_count \">133<\/span>\n                        <\/a>\n                    <\/li>\n                     \n                                        \n                    <li class=\"menu-scroll-lien\">\n                        <a \n                            href=\"\/en\/showroom\/goodies\" \n                             \n                        >\n                                                            Goodies                                                        \n                            \n                            <span class=\"menu_count \">119<\/span>\n                        <\/a>\n                    <\/li>\n                     \n                                        \n                    <li class=\"menu-scroll-lien\">\n                        <a \n                            href=\"\/en\/showroom\/display\" \n                             \n                        >\n                                                            Display                                                        \n                            \n                            <span class=\"menu_count \">15<\/span>\n                        <\/a>\n                    <\/li>\n                     \n                            <\/ul>\n        <\/div>\n        <style>\n\t        @media screen and (min-width: 768px) {\n\t\t        header{\n\t\t\t        background-color: #fefef7;\n\t\t        }\n\t\t        header .fl-row-content-wrap{\n\t\t\t        padding-bottom: 0;\n\t\t        }\n\t\t        header .fl-module-content {\n\t\t\t\t\tmargin: 20px 20px 0px 20px;\n\t\t\t\t}\n\t\t\t}\n\t    <\/style>\n\t    <script>\n\t\t    jQuery.noConflict();\n\t\t    if (jQuery(window).width() > 768) {\n\t\t\t    jQuery(window).scroll(function() {\n\t\t\t\t    if(jQuery(window).scrollTop() >= 100){\n\t\t\t\t        jQuery('header .fl-row-content-wrap').css('padding-bottom', '20px');\n\t\t\t\t        jQuery('header .fl-module-content').css('margin', '20px');\n\t\t\t\t    } else {\n\t\t\t\t        jQuery('header .fl-row-content-wrap').css('padding-bottom', '0');\n\t\t\t\t        jQuery('header .fl-module-content').css('margin', '20px 20px 0px 20px');\n\t\t\t\t    }\n\t\t\t\t});\n\t\t\t}\n\t    <\/script>\n        \n\t<style>\n    \/* bbuilder slider overide *\/\n    .fl-slideshow, .fl-slideshow-frame, .fl-slideshow-image, .fl-slideshow-image-img {\n        height: 50vw !important;\n    }\n<\/style>\n","protected":false},"excerpt":{"rendered":"","protected":false},"author":1,"featured_media":0,"parent":0,"menu_order":0,"comment_status":"closed","ping_status":"closed","template":"","meta":{"_acf_changed":false,"footnotes":"","_wp_rev_ctl_limit":""},"class_list":["post-558","page","type-page","status-publish","hentry"],"acf":[],"yoast_head":"<!-- This site is optimized with the Yoast SEO plugin v25.3.1 - https:\/\/yoast.com\/wordpress\/plugins\/seo\/ -->\n<title>EuroTextile - Cr\u00e9ation &amp; production sur mesure | Notre savoir-faire<\/title>\n<meta name=\"description\" content=\"EuroTextile d\u00e9veloppe constamment de nouveaux produits pour la cosm\u00e9tique, le spiritueux, la bijouterie, le pr\u00eat-\u00e0-porter et l&#039;\u00e9picerie fine.\" \/>\n<meta name=\"robots\" content=\"index, follow, max-snippet:-1, max-image-preview:large, max-video-preview:-1\" \/>\n<link rel=\"canonical\" href=\"https:\/\/www.eurotextile.com\/en\/\" \/>\n<meta property=\"og:locale\" content=\"en_US\" \/>\n<meta property=\"og:type\" content=\"article\" \/>\n<meta property=\"og:title\" content=\"EuroTextile - Cr\u00e9ation &amp; production sur mesure | Notre savoir-faire\" \/>\n<meta property=\"og:description\" content=\"EuroTextile d\u00e9veloppe constamment de nouveaux produits pour la cosm\u00e9tique, le spiritueux, la bijouterie, le pr\u00eat-\u00e0-porter et l&#039;\u00e9picerie fine.\" \/>\n<meta property=\"og:url\" content=\"https:\/\/www.eurotextile.com\/en\/\" \/>\n<meta property=\"og:site_name\" content=\"EuroTextile\" \/>\n<meta property=\"article:modified_time\" content=\"2025-09-01T13:36:42+00:00\" \/>\n<meta name=\"twitter:card\" content=\"summary_large_image\" \/>\n<meta name=\"twitter:label1\" content=\"Est. reading time\" \/>\n\t<meta name=\"twitter:data1\" content=\"1 minute\" \/>\n<script type=\"application\/ld+json\" class=\"yoast-schema-graph\">{\"@context\":\"https:\/\/schema.org\",\"@graph\":[{\"@type\":\"WebPage\",\"@id\":\"https:\/\/www.eurotextile.com\/en\/\",\"url\":\"https:\/\/www.eurotextile.com\/en\/\",\"name\":\"EuroTextile - Cr\u00e9ation & production sur mesure | Notre savoir-faire\",\"isPartOf\":{\"@id\":\"https:\/\/www.eurotextile.com\/#website\"},\"datePublished\":\"2020-02-04T13:20:30+00:00\",\"dateModified\":\"2025-09-01T13:36:42+00:00\",\"description\":\"EuroTextile d\u00e9veloppe constamment de nouveaux produits pour la cosm\u00e9tique, le spiritueux, la bijouterie, le pr\u00eat-\u00e0-porter et l'\u00e9picerie fine.\",\"breadcrumb\":{\"@id\":\"https:\/\/www.eurotextile.com\/en\/#breadcrumb\"},\"inLanguage\":\"en-US\",\"potentialAction\":[{\"@type\":\"ReadAction\",\"target\":[\"https:\/\/www.eurotextile.com\/en\/\"]}]},{\"@type\":\"BreadcrumbList\",\"@id\":\"https:\/\/www.eurotextile.com\/en\/#breadcrumb\",\"itemListElement\":[{\"@type\":\"ListItem\",\"position\":1,\"name\":\"Accueil\",\"item\":\"https:\/\/www.eurotextile.com\/en\/\"},{\"@type\":\"ListItem\",\"position\":2,\"name\":\"Home\"}]},{\"@type\":\"WebSite\",\"@id\":\"https:\/\/www.eurotextile.com\/#website\",\"url\":\"https:\/\/www.eurotextile.com\/\",\"name\":\"EuroTextile\",\"description\":\"Cr\u00e9ation et production sur mesure\",\"potentialAction\":[{\"@type\":\"SearchAction\",\"target\":{\"@type\":\"EntryPoint\",\"urlTemplate\":\"https:\/\/www.eurotextile.com\/?s={search_term_string}\"},\"query-input\":{\"@type\":\"PropertyValueSpecification\",\"valueRequired\":true,\"valueName\":\"search_term_string\"}}],\"inLanguage\":\"en-US\"}]}<\/script>\n<!-- \/ Yoast SEO plugin. -->","yoast_head_json":{"title":"EuroTextile - Cr\u00e9ation & production sur mesure | Notre savoir-faire","description":"EuroTextile d\u00e9veloppe constamment de nouveaux produits pour la cosm\u00e9tique, le spiritueux, la bijouterie, le pr\u00eat-\u00e0-porter et l'\u00e9picerie fine.","robots":{"index":"index","follow":"follow","max-snippet":"max-snippet:-1","max-image-preview":"max-image-preview:large","max-video-preview":"max-video-preview:-1"},"canonical":"https:\/\/www.eurotextile.com\/en\/","og_locale":"en_US","og_type":"article","og_title":"EuroTextile - Cr\u00e9ation & production sur mesure | Notre savoir-faire","og_description":"EuroTextile d\u00e9veloppe constamment de nouveaux produits pour la cosm\u00e9tique, le spiritueux, la bijouterie, le pr\u00eat-\u00e0-porter et l'\u00e9picerie fine.","og_url":"https:\/\/www.eurotextile.com\/en\/","og_site_name":"EuroTextile","article_modified_time":"2025-09-01T13:36:42+00:00","twitter_card":"summary_large_image","twitter_misc":{"Est. reading time":"1 minute"},"schema":{"@context":"https:\/\/schema.org","@graph":[{"@type":"WebPage","@id":"https:\/\/www.eurotextile.com\/en\/","url":"https:\/\/www.eurotextile.com\/en\/","name":"EuroTextile - Cr\u00e9ation & production sur mesure | Notre savoir-faire","isPartOf":{"@id":"https:\/\/www.eurotextile.com\/#website"},"datePublished":"2020-02-04T13:20:30+00:00","dateModified":"2025-09-01T13:36:42+00:00","description":"EuroTextile d\u00e9veloppe constamment de nouveaux produits pour la cosm\u00e9tique, le spiritueux, la bijouterie, le pr\u00eat-\u00e0-porter et l'\u00e9picerie fine.","breadcrumb":{"@id":"https:\/\/www.eurotextile.com\/en\/#breadcrumb"},"inLanguage":"en-US","potentialAction":[{"@type":"ReadAction","target":["https:\/\/www.eurotextile.com\/en\/"]}]},{"@type":"BreadcrumbList","@id":"https:\/\/www.eurotextile.com\/en\/#breadcrumb","itemListElement":[{"@type":"ListItem","position":1,"name":"Accueil","item":"https:\/\/www.eurotextile.com\/en\/"},{"@type":"ListItem","position":2,"name":"Home"}]},{"@type":"WebSite","@id":"https:\/\/www.eurotextile.com\/#website","url":"https:\/\/www.eurotextile.com\/","name":"EuroTextile","description":"Cr\u00e9ation et production sur mesure","potentialAction":[{"@type":"SearchAction","target":{"@type":"EntryPoint","urlTemplate":"https:\/\/www.eurotextile.com\/?s={search_term_string}"},"query-input":{"@type":"PropertyValueSpecification","valueRequired":true,"valueName":"search_term_string"}}],"inLanguage":"en-US"}]}},"_links":{"self":[{"href":"https:\/\/www.eurotextile.com\/en\/wp-json\/wp\/v2\/pages\/558","targetHints":{"allow":["GET"]}}],"collection":[{"href":"https:\/\/www.eurotextile.com\/en\/wp-json\/wp\/v2\/pages"}],"about":[{"href":"https:\/\/www.eurotextile.com\/en\/wp-json\/wp\/v2\/types\/page"}],"author":[{"embeddable":true,"href":"https:\/\/www.eurotextile.com\/en\/wp-json\/wp\/v2\/users\/1"}],"replies":[{"embeddable":true,"href":"https:\/\/www.eurotextile.com\/en\/wp-json\/wp\/v2\/comments?post=558"}],"version-history":[{"count":2,"href":"https:\/\/www.eurotextile.com\/en\/wp-json\/wp\/v2\/pages\/558\/revisions"}],"predecessor-version":[{"id":14158,"href":"https:\/\/www.eurotextile.com\/en\/wp-json\/wp\/v2\/pages\/558\/revisions\/14158"}],"wp:attachment":[{"href":"https:\/\/www.eurotextile.com\/en\/wp-json\/wp\/v2\/media?parent=558"}],"curies":[{"name":"wp","href":"https:\/\/api.w.org\/{rel}","templated":true}]}}