{"id":7717,"date":"2024-08-04T16:04:02","date_gmt":"2024-08-04T14:04:02","guid":{"rendered":"https:\/\/www.eurotextile.com\/?page_id=7717"},"modified":"2024-08-13T10:27:29","modified_gmt":"2024-08-13T08:27:29","slug":"csr","status":"publish","type":"page","link":"https:\/\/www.eurotextile.com\/en\/csr\/","title":{"rendered":"CSR"},"content":{"rendered":"\n\n    <h1>\n        \n    <\/h1>\n                <img decoding=\"async\" src=\"https:\/\/www.eurotextile.com\/wp-content\/uploads\/2024\/07\/et-01.svg\"\/>\n            \n            \n                <img decoding=\"async\" src=\"https:\/\/www.eurotextile.com\/wp-content\/uploads\/2024\/07\/et-02.svg\"\/>\n            \n            \n                <img decoding=\"async\" src=\"https:\/\/www.eurotextile.com\/wp-content\/uploads\/2024\/07\/et-03.svg\"\/>\n            \n            \n<style>\n    .icon-text{\n        display:flex;\n        margin-bottom: 30px;\n    }\n    .icon-text-left{\n        min-width:50px;margin-right:20px;flex-direction: row;\n    }\n    .icon-text-left img{\n        max-width: 36px;\n    }\n    .icon-text p{\n        text-align: justify;\n    }\n<\/style>\n\t\t\t\t<img loading=\"lazy\" decoding=\"async\" src=\"https:\/\/www.eurotextile.com\/wp-content\/uploads\/2024\/08\/ecologie2.jpg\" alt=\"ecologie2\" itemprop=\"image\" height=\"720\" width=\"1280\" title=\"ecologie2\" onerror=\"this.style.display='none'\"  \/>\n                <img decoding=\"async\" src=\"https:\/\/www.eurotextile.com\/wp-content\/uploads\/2024\/07\/icone1.png\"\/>\n            \n            \n<style>\n    .border{\n        border:4px solid #faf7ef;\n        padding:10px;\n    }\n<\/style>\n                <img decoding=\"async\" src=\"https:\/\/www.eurotextile.com\/wp-content\/uploads\/2024\/07\/icone2.png\"\/>\n            \n                <br \/>&nbsp;\n            \n    <h3>\n        Sant\u00e9 S\u00e9curit\u00e9 et Droits de l&#8217;Homme\n    <\/h3>\n    \n        <br \/>&nbsp;<br \/>&nbsp;<br \/>&nbsp;\n    \n<style>\n    .block-rse>div{\n        background-color: #faf7ef;\n        padding: 20px;\n    }\n    .block-rse h3{\n        font-family: 'Fjalla One', 'Martel', serif;\n        font-size: 1.7rem;\n        margin-top: 0;\n        margin-bottom: 2.5rem;\n        text-align: left;\n    }\n    .page-side-content p{\n        text-align: justify;\n    }\n<\/style>\n    <h3>\n        Int\u00e9grit\u00e9 et Ethique\n    <\/h3>\n    \n        <br \/>&nbsp;<br \/>&nbsp;<br \/>&nbsp;\n    \n    <h3>\n        Inclusion sociale\n    <\/h3>\n    \n        \n    \n    <h3>\n        Environnement\n    <\/h3>\n    \n        <br \/>&nbsp;\n    \n\n","protected":false},"excerpt":{"rendered":"<p>&nbsp; Sant\u00e9 S\u00e9curit\u00e9 et Droits de l&#8217;Homme &nbsp;&nbsp;&nbsp; Int\u00e9grit\u00e9 et Ethique &nbsp;&nbsp;&nbsp; Inclusion sociale Environnement &nbsp;<\/p>\n","protected":false},"author":1,"featured_media":0,"parent":0,"menu_order":0,"comment_status":"closed","ping_status":"closed","template":"","meta":{"_acf_changed":false,"footnotes":"","_wp_rev_ctl_limit":""},"class_list":["post-7717","page","type-page","status-publish","hentry"],"acf":[],"yoast_head":"<!-- This site is optimized with the Yoast SEO plugin v25.3.1 - https:\/\/yoast.com\/wordpress\/plugins\/seo\/ -->\n<title>CSR - EuroTextile<\/title>\n<meta name=\"robots\" content=\"index, follow, max-snippet:-1, max-image-preview:large, max-video-preview:-1\" \/>\n<link rel=\"canonical\" href=\"https:\/\/www.eurotextile.com\/en\/csr\/\" \/>\n<meta property=\"og:locale\" content=\"en_US\" \/>\n<meta property=\"og:type\" content=\"article\" \/>\n<meta property=\"og:title\" content=\"CSR - EuroTextile\" \/>\n<meta property=\"og:description\" content=\"&nbsp; Sant\u00e9 S\u00e9curit\u00e9 et Droits de l&#8217;Homme &nbsp;&nbsp;&nbsp; Int\u00e9grit\u00e9 et Ethique &nbsp;&nbsp;&nbsp; Inclusion sociale Environnement &nbsp;\" \/>\n<meta property=\"og:url\" content=\"https:\/\/www.eurotextile.com\/en\/csr\/\" \/>\n<meta property=\"og:site_name\" content=\"EuroTextile\" \/>\n<meta property=\"article:modified_time\" content=\"2024-08-13T08:27:29+00:00\" \/>\n<meta property=\"og:image\" content=\"https:\/\/www.eurotextile.com\/wp-content\/uploads\/2024\/07\/et-01.svg\" \/>\n<meta name=\"twitter:card\" content=\"summary_large_image\" \/>\n<script type=\"application\/ld+json\" class=\"yoast-schema-graph\">{\"@context\":\"https:\/\/schema.org\",\"@graph\":[{\"@type\":\"WebPage\",\"@id\":\"https:\/\/www.eurotextile.com\/en\/csr\/\",\"url\":\"https:\/\/www.eurotextile.com\/en\/csr\/\",\"name\":\"CSR - EuroTextile\",\"isPartOf\":{\"@id\":\"https:\/\/www.eurotextile.com\/#website\"},\"primaryImageOfPage\":{\"@id\":\"https:\/\/www.eurotextile.com\/en\/csr\/#primaryimage\"},\"image\":{\"@id\":\"https:\/\/www.eurotextile.com\/en\/csr\/#primaryimage\"},\"thumbnailUrl\":\"https:\/\/www.eurotextile.com\/wp-content\/uploads\/2024\/07\/et-01.svg\",\"datePublished\":\"2024-08-04T14:04:02+00:00\",\"dateModified\":\"2024-08-13T08:27:29+00:00\",\"breadcrumb\":{\"@id\":\"https:\/\/www.eurotextile.com\/en\/csr\/#breadcrumb\"},\"inLanguage\":\"en-US\",\"potentialAction\":[{\"@type\":\"ReadAction\",\"target\":[\"https:\/\/www.eurotextile.com\/en\/csr\/\"]}]},{\"@type\":\"ImageObject\",\"inLanguage\":\"en-US\",\"@id\":\"https:\/\/www.eurotextile.com\/en\/csr\/#primaryimage\",\"url\":\"https:\/\/www.eurotextile.com\/wp-content\/uploads\/2024\/07\/et-01.svg\",\"contentUrl\":\"https:\/\/www.eurotextile.com\/wp-content\/uploads\/2024\/07\/et-01.svg\"},{\"@type\":\"BreadcrumbList\",\"@id\":\"https:\/\/www.eurotextile.com\/en\/csr\/#breadcrumb\",\"itemListElement\":[{\"@type\":\"ListItem\",\"position\":1,\"name\":\"Accueil\",\"item\":\"https:\/\/www.eurotextile.com\/en\/\"},{\"@type\":\"ListItem\",\"position\":2,\"name\":\"CSR\"}]},{\"@type\":\"WebSite\",\"@id\":\"https:\/\/www.eurotextile.com\/#website\",\"url\":\"https:\/\/www.eurotextile.com\/\",\"name\":\"EuroTextile\",\"description\":\"Cr\u00e9ation et production sur mesure\",\"potentialAction\":[{\"@type\":\"SearchAction\",\"target\":{\"@type\":\"EntryPoint\",\"urlTemplate\":\"https:\/\/www.eurotextile.com\/?s={search_term_string}\"},\"query-input\":{\"@type\":\"PropertyValueSpecification\",\"valueRequired\":true,\"valueName\":\"search_term_string\"}}],\"inLanguage\":\"en-US\"}]}<\/script>\n<!-- \/ Yoast SEO plugin. -->","yoast_head_json":{"title":"CSR - EuroTextile","robots":{"index":"index","follow":"follow","max-snippet":"max-snippet:-1","max-image-preview":"max-image-preview:large","max-video-preview":"max-video-preview:-1"},"canonical":"https:\/\/www.eurotextile.com\/en\/csr\/","og_locale":"en_US","og_type":"article","og_title":"CSR - EuroTextile","og_description":"&nbsp; Sant\u00e9 S\u00e9curit\u00e9 et Droits de l&#8217;Homme &nbsp;&nbsp;&nbsp; Int\u00e9grit\u00e9 et Ethique &nbsp;&nbsp;&nbsp; Inclusion sociale Environnement &nbsp;","og_url":"https:\/\/www.eurotextile.com\/en\/csr\/","og_site_name":"EuroTextile","article_modified_time":"2024-08-13T08:27:29+00:00","og_image":[{"url":"https:\/\/www.eurotextile.com\/wp-content\/uploads\/2024\/07\/et-01.svg","type":"","width":"","height":""}],"twitter_card":"summary_large_image","schema":{"@context":"https:\/\/schema.org","@graph":[{"@type":"WebPage","@id":"https:\/\/www.eurotextile.com\/en\/csr\/","url":"https:\/\/www.eurotextile.com\/en\/csr\/","name":"CSR - EuroTextile","isPartOf":{"@id":"https:\/\/www.eurotextile.com\/#website"},"primaryImageOfPage":{"@id":"https:\/\/www.eurotextile.com\/en\/csr\/#primaryimage"},"image":{"@id":"https:\/\/www.eurotextile.com\/en\/csr\/#primaryimage"},"thumbnailUrl":"https:\/\/www.eurotextile.com\/wp-content\/uploads\/2024\/07\/et-01.svg","datePublished":"2024-08-04T14:04:02+00:00","dateModified":"2024-08-13T08:27:29+00:00","breadcrumb":{"@id":"https:\/\/www.eurotextile.com\/en\/csr\/#breadcrumb"},"inLanguage":"en-US","potentialAction":[{"@type":"ReadAction","target":["https:\/\/www.eurotextile.com\/en\/csr\/"]}]},{"@type":"ImageObject","inLanguage":"en-US","@id":"https:\/\/www.eurotextile.com\/en\/csr\/#primaryimage","url":"https:\/\/www.eurotextile.com\/wp-content\/uploads\/2024\/07\/et-01.svg","contentUrl":"https:\/\/www.eurotextile.com\/wp-content\/uploads\/2024\/07\/et-01.svg"},{"@type":"BreadcrumbList","@id":"https:\/\/www.eurotextile.com\/en\/csr\/#breadcrumb","itemListElement":[{"@type":"ListItem","position":1,"name":"Accueil","item":"https:\/\/www.eurotextile.com\/en\/"},{"@type":"ListItem","position":2,"name":"CSR"}]},{"@type":"WebSite","@id":"https:\/\/www.eurotextile.com\/#website","url":"https:\/\/www.eurotextile.com\/","name":"EuroTextile","description":"Cr\u00e9ation et production sur mesure","potentialAction":[{"@type":"SearchAction","target":{"@type":"EntryPoint","urlTemplate":"https:\/\/www.eurotextile.com\/?s={search_term_string}"},"query-input":{"@type":"PropertyValueSpecification","valueRequired":true,"valueName":"search_term_string"}}],"inLanguage":"en-US"}]}},"_links":{"self":[{"href":"https:\/\/www.eurotextile.com\/en\/wp-json\/wp\/v2\/pages\/7717","targetHints":{"allow":["GET"]}}],"collection":[{"href":"https:\/\/www.eurotextile.com\/en\/wp-json\/wp\/v2\/pages"}],"about":[{"href":"https:\/\/www.eurotextile.com\/en\/wp-json\/wp\/v2\/types\/page"}],"author":[{"embeddable":true,"href":"https:\/\/www.eurotextile.com\/en\/wp-json\/wp\/v2\/users\/1"}],"replies":[{"embeddable":true,"href":"https:\/\/www.eurotextile.com\/en\/wp-json\/wp\/v2\/comments?post=7717"}],"version-history":[{"count":3,"href":"https:\/\/www.eurotextile.com\/en\/wp-json\/wp\/v2\/pages\/7717\/revisions"}],"predecessor-version":[{"id":7770,"href":"https:\/\/www.eurotextile.com\/en\/wp-json\/wp\/v2\/pages\/7717\/revisions\/7770"}],"wp:attachment":[{"href":"https:\/\/www.eurotextile.com\/en\/wp-json\/wp\/v2\/media?parent=7717"}],"curies":[{"name":"wp","href":"https:\/\/api.w.org\/{rel}","templated":true}]}}